{"id":6583,"date":"2025-06-05T07:30:32","date_gmt":"2025-06-05T07:30:32","guid":{"rendered":"https:\/\/illeccioportofinomonte.com\/ville\/"},"modified":"2025-07-09T09:31:52","modified_gmt":"2025-07-09T09:31:52","slug":"villen","status":"publish","type":"page","link":"https:\/\/illeccioportofinomonte.com\/de\/villen\/","title":{"rendered":"Villen"},"content":{"rendered":"\t\t<div data-elementor-type=\"wp-page\" data-elementor-id=\"6583\" class=\"elementor elementor-6583 elementor-3845\">\n\t\t\t\t\t\t<section class=\"elementor-section elementor-top-section elementor-element elementor-element-1ffe0d5 elementor-section-full_width elementor-section-stretched elementor-section-height-default elementor-section-height-default\" data-id=\"1ffe0d5\" data-element_type=\"section\" data-e-type=\"section\" data-settings=\"{&quot;stretch_section&quot;:&quot;section-stretched&quot;}\">\n\t\t\t\t\t\t<div class=\"elementor-container elementor-column-gap-no\">\n\t\t\t\t\t<div class=\"elementor-column elementor-col-100 elementor-top-column elementor-element elementor-element-bf73c91\" data-id=\"bf73c91\" data-element_type=\"column\" data-e-type=\"column\">\n\t\t\t<div class=\"elementor-widget-wrap elementor-element-populated\">\n\t\t\t\t\t\t<div class=\"elementor-element elementor-element-ef3a049 elementor-widget elementor-widget-slider_revolution\" data-id=\"ef3a049\" data-element_type=\"widget\" data-e-type=\"widget\" data-widget_type=\"slider_revolution.default\">\n\t\t\t\t<div class=\"elementor-widget-container\">\n\t\t\t\t\t\n\t\t<div class=\"wp-block-themepunch-revslider\">\n\t\t\t\t<p class=\"rs-p-wp-fix\"><\/p>\n\t\t\t\t<sr7-module data-alias=\"camere-1\" data-id=\"13\" id=\"SR7_13_1\" class=\"rs-ov-hidden\" data-version=\"6.7.35\">\n\t\t\t\t\t<sr7-adjuster><\/sr7-adjuster>\n\t\t\t\t\t<sr7-content>\n\t\t\t\t\t\t<sr7-slide id=\"SR7_13_1-66\" data-key=\"66\">\n\t\t\t\t\t\t\t<sr7-bg id=\"SR7_13_1-66-1\" class=\"sr7-layer\"><noscript><img decoding=\"async\" src=\"https:\/\/illeccioportofinomonte.com\/wp-content\/uploads\/2025\/07\/ville3.jpg\" alt=\"ville\" title=\"ville\"><\/noscript><\/sr7-bg>\n\t\t\t\t\t\t\t<sr7-txt id=\"SR7_13_1-66-0\" class=\"sr7-layer\">VILLEN<\/sr7-txt>\n\t\t\t\t\t\t<\/sr7-slide>\n\t\t\t\t\t\t<sr7-slide id=\"SR7_13_1-26\" data-key=\"26\">\n\t\t\t\t\t\t<\/sr7-slide>\n\t\t\t\t\t<\/sr7-content>\n\t\t\t\t\t<image_lists style=\"display:none\">\n\t\t\t\t\t\t<img data-src=\"\/\/illeccioportofinomonte.com\/wp-content\/uploads\/2025\/07\/ville3.jpg\" data-libid=\"5039\" data-lib=\"medialibrary\" alt=\"ville\" title=\"ville\" width=\"0\" height=\"0\" data-dbsrc=\"Ly9pbGxlY2Npb3BvcnRvZmlub21vbnRlLmNvbS93cC1jb250ZW50L3VwbG9hZHMvMjAyNS8wNy92aWxsZTMuanBn\"\/>\n\t\t\t\t\t<\/image_lists>\n\t\t\t\t<\/sr7-module>\n\t\t\t\t<script>\n\t\t\t\t\tSR7.PMH ??={}; SR7.PMH[\"SR7_13_1\"] = {cn:100,state:false,fn: function() { if (_tpt!==undefined && _tpt.prepareModuleHeight !== undefined) {  _tpt.prepareModuleHeight({id:\"SR7_13_1\",el:[800,800,768,960,640],type:'standard',shdw:'0',gh:[800,800,768,960,640],gw:[1170,1170,1024,778,480],vpt:['-200px&#039;,&#039;-200px&#039;,&#039;-200px&#039;,&#039;-200px&#039;,&#039;-200px'],size:{fullWidth:false, fullHeight:false},mh:'0',onh:0,onw:0,bg:{color:'{\"type\":\"solid\",\"orig\":\"#2d2d2d\",\"string\":\"rgba(45, 45, 45, 1)\"}'}});   SR7.PMH[\"SR7_13_1\"].state=true;} else if(SR7.PMH[\"SR7_13_1\"].cn-->0)\tsetTimeout( SR7.PMH[\"SR7_13_1\"].fn,19);}};SR7.PMH[\"SR7_13_1\" ].fn();\n\t\t\t\t<\/script>\n<\/div>\n\n\t\t\t\t\t\t<\/div>\n\t\t\t\t<\/div>\n\t\t\t\t\t<\/div>\n\t\t<\/div>\n\t\t\t\t\t<\/div>\n\t\t<\/section>\n\t\t\t\t<section class=\"elementor-section elementor-top-section elementor-element elementor-element-3f3d5d1 elementor-section-content-middle elementor-section-boxed elementor-section-height-default elementor-section-height-default\" data-id=\"3f3d5d1\" data-element_type=\"section\" data-e-type=\"section\">\n\t\t\t\t\t\t<div class=\"elementor-container elementor-column-gap-wide\">\n\t\t\t\t\t<div class=\"elementor-column elementor-col-50 elementor-top-column elementor-element elementor-element-0dd7c69\" data-id=\"0dd7c69\" data-element_type=\"column\" data-e-type=\"column\">\n\t\t\t<div class=\"elementor-widget-wrap elementor-element-populated\">\n\t\t\t\t\t\t<div class=\"elementor-element elementor-element-3478c40 elementor-widget elementor-widget-image\" data-id=\"3478c40\" data-element_type=\"widget\" data-e-type=\"widget\" data-widget_type=\"image.default\">\n\t\t\t\t<div class=\"elementor-widget-container\">\n\t\t\t\t\t\t\t\t\t\t\t\t\t\t\t\t<a href=\"https:\/\/illeccioportofinomonte.com\/de\/rooms\/villa-belvedere\/\">\n\t\t\t\t\t\t\t<img fetchpriority=\"high\" decoding=\"async\" width=\"2000\" height=\"1333\" src=\"https:\/\/illeccioportofinomonte.com\/wp-content\/uploads\/2025\/07\/Villa-Belvedere-2.jpg\" class=\"attachment-full size-full wp-image-5029\" alt=\"Villa Belvedere\" srcset=\"https:\/\/illeccioportofinomonte.com\/wp-content\/uploads\/2025\/07\/Villa-Belvedere-2.jpg 2000w, https:\/\/illeccioportofinomonte.com\/wp-content\/uploads\/2025\/07\/Villa-Belvedere-2-300x200.jpg 300w, https:\/\/illeccioportofinomonte.com\/wp-content\/uploads\/2025\/07\/Villa-Belvedere-2-1024x682.jpg 1024w, https:\/\/illeccioportofinomonte.com\/wp-content\/uploads\/2025\/07\/Villa-Belvedere-2-768x512.jpg 768w, https:\/\/illeccioportofinomonte.com\/wp-content\/uploads\/2025\/07\/Villa-Belvedere-2-80x53.jpg 80w, https:\/\/illeccioportofinomonte.com\/wp-content\/uploads\/2025\/07\/Villa-Belvedere-2-1536x1024.jpg 1536w, https:\/\/illeccioportofinomonte.com\/wp-content\/uploads\/2025\/07\/Villa-Belvedere-2-600x400.jpg 600w\" sizes=\"(max-width: 2000px) 100vw, 2000px\" \/>\t\t\t\t\t\t\t\t<\/a>\n\t\t\t\t\t\t\t\t\t\t\t\t\t\t\t<\/div>\n\t\t\t\t<\/div>\n\t\t\t\t\t<\/div>\n\t\t<\/div>\n\t\t\t\t<div class=\"elementor-column elementor-col-50 elementor-top-column elementor-element elementor-element-805f957\" data-id=\"805f957\" data-element_type=\"column\" data-e-type=\"column\">\n\t\t\t<div class=\"elementor-widget-wrap elementor-element-populated\">\n\t\t\t\t\t\t<div class=\"elementor-element elementor-element-0e2ca77 elementor-widget elementor-widget-text-editor\" data-id=\"0e2ca77\" data-element_type=\"widget\" data-e-type=\"widget\" data-widget_type=\"text-editor.default\">\n\t\t\t\t<div class=\"elementor-widget-container\">\n\t\t\t\t\t\t\t\t\t<h2><span style=\"color: #aa9c6f; line-height: 30px;\"><b>Villa Belvedere mit beheiztem Infinity-Pool und Meerblick<\/b><\/span><\/h2><h6 style=\"line-height: 23px;\"><b>220 m\u00b2 exklusiver Komfort &#8211; deine private Residenz \u00fcber dem Golfo<\/b><\/h6><p><strong>Eine panoramische<\/strong>, unabh\u00e4ngige Villa, perfekt f\u00fcr gro\u00dfe Familien, Freundesgruppen oder l\u00e4ngere Aufenthalte voller Freiheit und Sch\u00f6nheit.<\/p>\t\t\t\t\t\t\t\t<\/div>\n\t\t\t\t<\/div>\n\t\t\t\t<div class=\"elementor-element elementor-element-59fd09a elementor-align-left elementor-mobile-align-center elementor-widget elementor-widget-button\" data-id=\"59fd09a\" data-element_type=\"widget\" data-e-type=\"widget\" data-widget_type=\"button.default\">\n\t\t\t\t<div class=\"elementor-widget-container\">\n\t\t\t\t\t\t\t\t\t<div class=\"elementor-button-wrapper\">\n\t\t\t\t\t<a class=\"elementor-button elementor-button-link elementor-size-sm\" href=\"https:\/\/illeccioportofinomonte.com\/de\/rooms\/villa-belvedere\/\">\n\t\t\t\t\t\t<span class=\"elementor-button-content-wrapper\">\n\t\t\t\t\t\t\t\t\t<span class=\"elementor-button-text\">JETZT ENTDECKEN<\/span>\n\t\t\t\t\t<\/span>\n\t\t\t\t\t<\/a>\n\t\t\t\t<\/div>\n\t\t\t\t\t\t\t\t<\/div>\n\t\t\t\t<\/div>\n\t\t\t\t\t<\/div>\n\t\t<\/div>\n\t\t\t\t\t<\/div>\n\t\t<\/section>\n\t\t\t\t<section class=\"elementor-section elementor-top-section elementor-element elementor-element-70688a4 elementor-section-content-middle elementor-reverse-tablet elementor-reverse-mobile elementor-section-boxed elementor-section-height-default elementor-section-height-default\" data-id=\"70688a4\" data-element_type=\"section\" data-e-type=\"section\">\n\t\t\t\t\t\t<div class=\"elementor-container elementor-column-gap-wide\">\n\t\t\t\t\t<div class=\"elementor-column elementor-col-50 elementor-top-column elementor-element elementor-element-855a103\" data-id=\"855a103\" data-element_type=\"column\" data-e-type=\"column\">\n\t\t\t<div class=\"elementor-widget-wrap elementor-element-populated\">\n\t\t\t\t\t\t<div class=\"elementor-element elementor-element-dd9a851 elementor-widget elementor-widget-text-editor\" data-id=\"dd9a851\" data-element_type=\"widget\" data-e-type=\"widget\" data-widget_type=\"text-editor.default\">\n\t\t\t\t<div class=\"elementor-widget-container\">\n\t\t\t\t\t\t\t\t\t<h2><span style=\"color: #aa9c6f; line-height: 30px;\"><b>Villa Uliveto<br \/>Private Eleganz mit Pool mit Meerblick<br \/><\/b><\/span><\/h2><h6 style=\"line-height: 23px;\"><b>Freistehendes Anwesen mit ca. 300 m\u00b2 &#8211; ideal f\u00fcr alle, die Platz, Privatsph\u00e4re und einen atemberaubenden Blick auf das offene Meer suchen.<\/b><\/h6><p>Im Au\u00dfenbereich befindet sich ein<strong> Salzwasser-Infinity-Pool<\/strong> (12&#215;6 Meter), <strong>der ausschlie\u00dflich der Villa vorbehalten ist und Aussicht auf den Golf von Tigullio bietet<\/strong>.<\/p>\t\t\t\t\t\t\t\t<\/div>\n\t\t\t\t<\/div>\n\t\t\t\t<div class=\"elementor-element elementor-element-939ab59 elementor-align-left elementor-mobile-align-center elementor-widget elementor-widget-button\" data-id=\"939ab59\" data-element_type=\"widget\" data-e-type=\"widget\" data-widget_type=\"button.default\">\n\t\t\t\t<div class=\"elementor-widget-container\">\n\t\t\t\t\t\t\t\t\t<div class=\"elementor-button-wrapper\">\n\t\t\t\t\t<a class=\"elementor-button elementor-button-link elementor-size-sm\" href=\"https:\/\/illeccioportofinomonte.com\/de\/rooms\/villa-uliveto\/\">\n\t\t\t\t\t\t<span class=\"elementor-button-content-wrapper\">\n\t\t\t\t\t\t\t\t\t<span class=\"elementor-button-text\">JETZT ENTDECKEN<\/span>\n\t\t\t\t\t<\/span>\n\t\t\t\t\t<\/a>\n\t\t\t\t<\/div>\n\t\t\t\t\t\t\t\t<\/div>\n\t\t\t\t<\/div>\n\t\t\t\t\t<\/div>\n\t\t<\/div>\n\t\t\t\t<div class=\"elementor-column elementor-col-50 elementor-top-column elementor-element elementor-element-4d0ee0e\" data-id=\"4d0ee0e\" data-element_type=\"column\" data-e-type=\"column\">\n\t\t\t<div class=\"elementor-widget-wrap elementor-element-populated\">\n\t\t\t\t\t\t<div class=\"elementor-element elementor-element-d2ecb3d elementor-widget elementor-widget-image\" data-id=\"d2ecb3d\" data-element_type=\"widget\" data-e-type=\"widget\" data-widget_type=\"image.default\">\n\t\t\t\t<div class=\"elementor-widget-container\">\n\t\t\t\t\t\t\t\t\t\t\t\t\t\t\t\t<a href=\"https:\/\/illeccioportofinomonte.com\/de\/rooms\/villa-uliveto\/\">\n\t\t\t\t\t\t\t<img decoding=\"async\" width=\"1280\" height=\"853\" src=\"https:\/\/illeccioportofinomonte.com\/wp-content\/uploads\/2025\/07\/Villa-Uliveto-10.jpg\" class=\"attachment-full size-full wp-image-5046\" alt=\"Villa Uliveto\" srcset=\"https:\/\/illeccioportofinomonte.com\/wp-content\/uploads\/2025\/07\/Villa-Uliveto-10.jpg 1280w, https:\/\/illeccioportofinomonte.com\/wp-content\/uploads\/2025\/07\/Villa-Uliveto-10-300x200.jpg 300w, https:\/\/illeccioportofinomonte.com\/wp-content\/uploads\/2025\/07\/Villa-Uliveto-10-1024x682.jpg 1024w, https:\/\/illeccioportofinomonte.com\/wp-content\/uploads\/2025\/07\/Villa-Uliveto-10-768x512.jpg 768w, https:\/\/illeccioportofinomonte.com\/wp-content\/uploads\/2025\/07\/Villa-Uliveto-10-80x53.jpg 80w, https:\/\/illeccioportofinomonte.com\/wp-content\/uploads\/2025\/07\/Villa-Uliveto-10-600x400.jpg 600w\" sizes=\"(max-width: 1280px) 100vw, 1280px\" \/>\t\t\t\t\t\t\t\t<\/a>\n\t\t\t\t\t\t\t\t\t\t\t\t\t\t\t<\/div>\n\t\t\t\t<\/div>\n\t\t\t\t\t<\/div>\n\t\t<\/div>\n\t\t\t\t\t<\/div>\n\t\t<\/section>\n\t\t<div class=\"elementor-element elementor-element-f102a1c e-flex e-con-boxed e-con e-parent\" data-id=\"f102a1c\" data-element_type=\"container\" data-e-type=\"container\">\n\t\t\t\t\t<div class=\"e-con-inner\">\n\t\t\t\t<div class=\"elementor-element elementor-element-f6cc52a elementor-widget-divider--view-line elementor-widget elementor-widget-divider\" data-id=\"f6cc52a\" data-element_type=\"widget\" data-e-type=\"widget\" data-widget_type=\"divider.default\">\n\t\t\t\t<div class=\"elementor-widget-container\">\n\t\t\t\t\t\t\t<div class=\"elementor-divider\">\n\t\t\t<span class=\"elementor-divider-separator\">\n\t\t\t\t\t\t<\/span>\n\t\t<\/div>\n\t\t\t\t\t\t<\/div>\n\t\t\t\t<\/div>\n\t\t\t\t<div class=\"elementor-element elementor-element-454e9c8 elementor-hidden-tablet elementor-hidden-mobile elementor-widget elementor-widget-heading\" data-id=\"454e9c8\" data-element_type=\"widget\" data-e-type=\"widget\" data-widget_type=\"heading.default\">\n\t\t\t\t<div class=\"elementor-widget-container\">\n\t\t\t\t\t<h2 class=\"elementor-heading-title elementor-size-default\">Ein perfekter Urlaub beginnt mit Ihren W\u00fcnschen. <br>Teilen Sie uns Ihre W\u00fcnsche mit und wir erstellen Ihnen exklusive Angebote.<\/h2>\t\t\t\t<\/div>\n\t\t\t\t<\/div>\n\t\t\t\t<div class=\"elementor-element elementor-element-0899337 elementor-hidden-desktop elementor-widget elementor-widget-heading\" data-id=\"0899337\" data-element_type=\"widget\" data-e-type=\"widget\" data-widget_type=\"heading.default\">\n\t\t\t\t<div class=\"elementor-widget-container\">\n\t\t\t\t\t<h2 class=\"elementor-heading-title elementor-size-default\">Ein perfekter Urlaub beginnt mit Ihren W\u00fcnschen. <br>Teilen Sie uns Ihre W\u00fcnsche mit und wir erstellen Ihnen exklusive Angebote.<\/h2>\t\t\t\t<\/div>\n\t\t\t\t<\/div>\n\t\t\t\t<div class=\"elementor-element elementor-element-f12fe17 elementor-align-center elementor-mobile-align-center elementor-widget elementor-widget-button\" data-id=\"f12fe17\" data-element_type=\"widget\" data-e-type=\"widget\" data-widget_type=\"button.default\">\n\t\t\t\t<div class=\"elementor-widget-container\">\n\t\t\t\t\t\t\t\t\t<div class=\"elementor-button-wrapper\">\n\t\t\t\t\t<a class=\"elementor-button elementor-button-link elementor-size-sm\" href=\"https:\/\/hospitality-guest.teamsystem.cloud\/quotation-request\/il-leccio-luxury-resort\" target=\"_blank\">\n\t\t\t\t\t\t<span class=\"elementor-button-content-wrapper\">\n\t\t\t\t\t\t\t\t\t<span class=\"elementor-button-text\">Fordern Sie ein individuelles Angebot an<\/span>\n\t\t\t\t\t<\/span>\n\t\t\t\t\t<\/a>\n\t\t\t\t<\/div>\n\t\t\t\t\t\t\t\t<\/div>\n\t\t\t\t<\/div>\n\t\t\t\t<div class=\"elementor-element elementor-element-f119e41 elementor-widget-divider--view-line elementor-widget elementor-widget-divider\" data-id=\"f119e41\" data-element_type=\"widget\" data-e-type=\"widget\" data-widget_type=\"divider.default\">\n\t\t\t\t<div class=\"elementor-widget-container\">\n\t\t\t\t\t\t\t<div class=\"elementor-divider\">\n\t\t\t<span class=\"elementor-divider-separator\">\n\t\t\t\t\t\t<\/span>\n\t\t<\/div>\n\t\t\t\t\t\t<\/div>\n\t\t\t\t<\/div>\n\t\t\t\t\t<\/div>\n\t\t\t\t<\/div>\n\t\t<div class=\"elementor-element elementor-element-65f80d7 e-flex e-con-boxed e-con e-parent\" data-id=\"65f80d7\" data-element_type=\"container\" data-e-type=\"container\">\n\t\t\t\t\t<div class=\"e-con-inner\">\n\t\t\t\t<div class=\"elementor-element elementor-element-9030445 elementor-widget elementor-widget-image\" data-id=\"9030445\" data-element_type=\"widget\" data-e-type=\"widget\" data-widget_type=\"image.default\">\n\t\t\t\t<div class=\"elementor-widget-container\">\n\t\t\t\t\t\t\t\t\t\t\t\t\t\t\t\t<a href=\"https:\/\/illeccioportofinomonte.com\/wp-content\/uploads\/2025\/06\/planimetria-il-leccio-de.webp\" data-elementor-open-lightbox=\"yes\" data-elementor-lightbox-title=\"Grundriss Il Leccio Luxury Resort\" data-e-action-hash=\"#elementor-action%3Aaction%3Dlightbox%26settings%3DeyJpZCI6NjU0OCwidXJsIjoiaHR0cHM6XC9cL2lsbGVjY2lvcG9ydG9maW5vbW9udGUuY29tXC93cC1jb250ZW50XC91cGxvYWRzXC8yMDI1XC8wNlwvcGxhbmltZXRyaWEtaWwtbGVjY2lvLWRlLndlYnAifQ%3D%3D\">\n\t\t\t\t\t\t\t<img loading=\"lazy\" decoding=\"async\" width=\"1280\" height=\"1895\" src=\"https:\/\/illeccioportofinomonte.com\/wp-content\/uploads\/2025\/06\/planimetria-il-leccio-de.webp\" class=\"attachment-full size-full wp-image-6548\" alt=\"Grundriss Il Leccio Luxury Resort\" srcset=\"https:\/\/illeccioportofinomonte.com\/wp-content\/uploads\/2025\/06\/planimetria-il-leccio-de.webp 1280w, https:\/\/illeccioportofinomonte.com\/wp-content\/uploads\/2025\/06\/planimetria-il-leccio-de-203x300.webp 203w, https:\/\/illeccioportofinomonte.com\/wp-content\/uploads\/2025\/06\/planimetria-il-leccio-de-692x1024.webp 692w, https:\/\/illeccioportofinomonte.com\/wp-content\/uploads\/2025\/06\/planimetria-il-leccio-de-768x1137.webp 768w, https:\/\/illeccioportofinomonte.com\/wp-content\/uploads\/2025\/06\/planimetria-il-leccio-de-54x80.webp 54w, https:\/\/illeccioportofinomonte.com\/wp-content\/uploads\/2025\/06\/planimetria-il-leccio-de-1038x1536.webp 1038w\" sizes=\"(max-width: 1280px) 100vw, 1280px\" \/>\t\t\t\t\t\t\t\t<\/a>\n\t\t\t\t\t\t\t\t\t\t\t\t\t\t\t<\/div>\n\t\t\t\t<\/div>\n\t\t\t\t\t<\/div>\n\t\t\t\t<\/div>\n\t\t\t\t<\/div>\n\t\t","protected":false},"excerpt":{"rendered":"<p>Villa Belvedere mit beheiztem Infinity-Pool und Meerblick 220 m\u00b2 exklusiver Komfort &#8211; deine private Residenz \u00fcber dem Golfo Eine panoramische, unabh\u00e4ngige Villa, perfekt f\u00fcr gro\u00dfe Familien, Freundesgruppen oder l\u00e4ngere Aufenthalte voller Freiheit und Sch\u00f6nheit. JETZT ENTDECKEN Villa UlivetoPrivate Eleganz mit Pool mit Meerblick Freistehendes Anwesen mit ca. 300 m\u00b2 &#8211; ideal f\u00fcr alle, die Platz, [&hellip;]<\/p>\n","protected":false},"author":1,"featured_media":0,"parent":0,"menu_order":0,"comment_status":"closed","ping_status":"closed","template":"","meta":{"footnotes":""},"class_list":["post-6583","page","type-page","status-publish","hentry"],"yoast_head":"<!-- This site is optimized with the Yoast SEO plugin v27.2 - https:\/\/yoast.com\/product\/yoast-seo-wordpress\/ -->\n<title>Villen | Il Leccio Luxury Resort<\/title>\n<meta name=\"description\" content=\"Elegante, unabh\u00e4ngige Villen mit Meer- und Poolblick, ideal f\u00fcr alle, die viel Platz und ein privates Erlebnis suchen.\" \/>\n<meta name=\"robots\" content=\"index, follow, max-snippet:-1, max-image-preview:large, max-video-preview:-1\" \/>\n<link rel=\"canonical\" href=\"https:\/\/illeccioportofinomonte.com\/de\/villen\/\" \/>\n<meta property=\"og:locale\" content=\"de_DE\" \/>\n<meta property=\"og:type\" content=\"article\" \/>\n<meta property=\"og:title\" content=\"Villen | Il Leccio Luxury Resort\" \/>\n<meta property=\"og:description\" content=\"Elegante, unabh\u00e4ngige Villen mit Meer- und Poolblick, ideal f\u00fcr alle, die viel Platz und ein privates Erlebnis suchen.\" \/>\n<meta property=\"og:url\" content=\"https:\/\/illeccioportofinomonte.com\/de\/villen\/\" \/>\n<meta property=\"og:site_name\" content=\"Il Leccio Luxury Resort\" \/>\n<meta property=\"article:modified_time\" content=\"2025-07-09T09:31:52+00:00\" \/>\n<meta property=\"og:image\" content=\"https:\/\/illeccioportofinomonte.com\/wp-content\/uploads\/2025\/07\/Villa-Belvedere-2.jpg\" \/>\n<meta name=\"twitter:card\" content=\"summary_large_image\" \/>\n<meta name=\"twitter:label1\" content=\"Gesch\u00e4tzte Lesezeit\" \/>\n\t<meta name=\"twitter:data1\" content=\"2\u00a0Minuten\" \/>\n<script type=\"application\/ld+json\" class=\"yoast-schema-graph\">{\"@context\":\"https:\/\/schema.org\",\"@graph\":[{\"@type\":\"WebPage\",\"@id\":\"https:\/\/illeccioportofinomonte.com\/de\/villen\/\",\"url\":\"https:\/\/illeccioportofinomonte.com\/de\/villen\/\",\"name\":\"Villen | Il Leccio Luxury Resort\",\"isPartOf\":{\"@id\":\"https:\/\/illeccioportofinomonte.com\/de\/#website\"},\"primaryImageOfPage\":{\"@id\":\"https:\/\/illeccioportofinomonte.com\/de\/villen\/#primaryimage\"},\"image\":{\"@id\":\"https:\/\/illeccioportofinomonte.com\/de\/villen\/#primaryimage\"},\"thumbnailUrl\":\"https:\/\/illeccioportofinomonte.com\/wp-content\/uploads\/2025\/07\/Villa-Belvedere-2.jpg\",\"datePublished\":\"2025-06-05T07:30:32+00:00\",\"dateModified\":\"2025-07-09T09:31:52+00:00\",\"description\":\"Elegante, unabh\u00e4ngige Villen mit Meer- und Poolblick, ideal f\u00fcr alle, die viel Platz und ein privates Erlebnis suchen.\",\"breadcrumb\":{\"@id\":\"https:\/\/illeccioportofinomonte.com\/de\/villen\/#breadcrumb\"},\"inLanguage\":\"de\",\"potentialAction\":[{\"@type\":\"ReadAction\",\"target\":[\"https:\/\/illeccioportofinomonte.com\/de\/villen\/\"]}]},{\"@type\":\"ImageObject\",\"inLanguage\":\"de\",\"@id\":\"https:\/\/illeccioportofinomonte.com\/de\/villen\/#primaryimage\",\"url\":\"https:\/\/illeccioportofinomonte.com\/wp-content\/uploads\/2025\/07\/Villa-Belvedere-2.jpg\",\"contentUrl\":\"https:\/\/illeccioportofinomonte.com\/wp-content\/uploads\/2025\/07\/Villa-Belvedere-2.jpg\"},{\"@type\":\"BreadcrumbList\",\"@id\":\"https:\/\/illeccioportofinomonte.com\/de\/villen\/#breadcrumb\",\"itemListElement\":[{\"@type\":\"ListItem\",\"position\":1,\"name\":\"Home\",\"item\":\"https:\/\/illeccioportofinomonte.com\/de\/\"},{\"@type\":\"ListItem\",\"position\":2,\"name\":\"Villen\"}]},{\"@type\":\"WebSite\",\"@id\":\"https:\/\/illeccioportofinomonte.com\/de\/#website\",\"url\":\"https:\/\/illeccioportofinomonte.com\/de\/\",\"name\":\"Il Leccio Luxury Resort\",\"description\":\"Luxury Resort sul Monte di Portofino, Italia\",\"publisher\":{\"@id\":\"https:\/\/illeccioportofinomonte.com\/de\/#organization\"},\"potentialAction\":[{\"@type\":\"SearchAction\",\"target\":{\"@type\":\"EntryPoint\",\"urlTemplate\":\"https:\/\/illeccioportofinomonte.com\/de\/?s={search_term_string}\"},\"query-input\":{\"@type\":\"PropertyValueSpecification\",\"valueRequired\":true,\"valueName\":\"search_term_string\"}}],\"inLanguage\":\"de\"},{\"@type\":\"Organization\",\"@id\":\"https:\/\/illeccioportofinomonte.com\/de\/#organization\",\"name\":\"Il Leccio Luxury Resort\",\"url\":\"https:\/\/illeccioportofinomonte.com\/de\/\",\"logo\":{\"@type\":\"ImageObject\",\"inLanguage\":\"de\",\"@id\":\"https:\/\/illeccioportofinomonte.com\/de\/#\/schema\/logo\/image\/\",\"url\":\"https:\/\/illeccioportofinomonte.com\/wp-content\/uploads\/2025\/06\/cropped-il-leccio-logo-512.png\",\"contentUrl\":\"https:\/\/illeccioportofinomonte.com\/wp-content\/uploads\/2025\/06\/cropped-il-leccio-logo-512.png\",\"width\":512,\"height\":512,\"caption\":\"Il Leccio Luxury Resort\"},\"image\":{\"@id\":\"https:\/\/illeccioportofinomonte.com\/de\/#\/schema\/logo\/image\/\"}}]}<\/script>\n<!-- \/ Yoast SEO plugin. -->","yoast_head_json":{"title":"Villen | Il Leccio Luxury Resort","description":"Elegante, unabh\u00e4ngige Villen mit Meer- und Poolblick, ideal f\u00fcr alle, die viel Platz und ein privates Erlebnis suchen.","robots":{"index":"index","follow":"follow","max-snippet":"max-snippet:-1","max-image-preview":"max-image-preview:large","max-video-preview":"max-video-preview:-1"},"canonical":"https:\/\/illeccioportofinomonte.com\/de\/villen\/","og_locale":"de_DE","og_type":"article","og_title":"Villen | Il Leccio Luxury Resort","og_description":"Elegante, unabh\u00e4ngige Villen mit Meer- und Poolblick, ideal f\u00fcr alle, die viel Platz und ein privates Erlebnis suchen.","og_url":"https:\/\/illeccioportofinomonte.com\/de\/villen\/","og_site_name":"Il Leccio Luxury Resort","article_modified_time":"2025-07-09T09:31:52+00:00","og_image":[{"url":"https:\/\/illeccioportofinomonte.com\/wp-content\/uploads\/2025\/07\/Villa-Belvedere-2.jpg","type":"","width":"","height":""}],"twitter_card":"summary_large_image","twitter_misc":{"Gesch\u00e4tzte Lesezeit":"2\u00a0Minuten"},"schema":{"@context":"https:\/\/schema.org","@graph":[{"@type":"WebPage","@id":"https:\/\/illeccioportofinomonte.com\/de\/villen\/","url":"https:\/\/illeccioportofinomonte.com\/de\/villen\/","name":"Villen | Il Leccio Luxury Resort","isPartOf":{"@id":"https:\/\/illeccioportofinomonte.com\/de\/#website"},"primaryImageOfPage":{"@id":"https:\/\/illeccioportofinomonte.com\/de\/villen\/#primaryimage"},"image":{"@id":"https:\/\/illeccioportofinomonte.com\/de\/villen\/#primaryimage"},"thumbnailUrl":"https:\/\/illeccioportofinomonte.com\/wp-content\/uploads\/2025\/07\/Villa-Belvedere-2.jpg","datePublished":"2025-06-05T07:30:32+00:00","dateModified":"2025-07-09T09:31:52+00:00","description":"Elegante, unabh\u00e4ngige Villen mit Meer- und Poolblick, ideal f\u00fcr alle, die viel Platz und ein privates Erlebnis suchen.","breadcrumb":{"@id":"https:\/\/illeccioportofinomonte.com\/de\/villen\/#breadcrumb"},"inLanguage":"de","potentialAction":[{"@type":"ReadAction","target":["https:\/\/illeccioportofinomonte.com\/de\/villen\/"]}]},{"@type":"ImageObject","inLanguage":"de","@id":"https:\/\/illeccioportofinomonte.com\/de\/villen\/#primaryimage","url":"https:\/\/illeccioportofinomonte.com\/wp-content\/uploads\/2025\/07\/Villa-Belvedere-2.jpg","contentUrl":"https:\/\/illeccioportofinomonte.com\/wp-content\/uploads\/2025\/07\/Villa-Belvedere-2.jpg"},{"@type":"BreadcrumbList","@id":"https:\/\/illeccioportofinomonte.com\/de\/villen\/#breadcrumb","itemListElement":[{"@type":"ListItem","position":1,"name":"Home","item":"https:\/\/illeccioportofinomonte.com\/de\/"},{"@type":"ListItem","position":2,"name":"Villen"}]},{"@type":"WebSite","@id":"https:\/\/illeccioportofinomonte.com\/de\/#website","url":"https:\/\/illeccioportofinomonte.com\/de\/","name":"Il Leccio Luxury Resort","description":"Luxury Resort sul Monte di Portofino, Italia","publisher":{"@id":"https:\/\/illeccioportofinomonte.com\/de\/#organization"},"potentialAction":[{"@type":"SearchAction","target":{"@type":"EntryPoint","urlTemplate":"https:\/\/illeccioportofinomonte.com\/de\/?s={search_term_string}"},"query-input":{"@type":"PropertyValueSpecification","valueRequired":true,"valueName":"search_term_string"}}],"inLanguage":"de"},{"@type":"Organization","@id":"https:\/\/illeccioportofinomonte.com\/de\/#organization","name":"Il Leccio Luxury Resort","url":"https:\/\/illeccioportofinomonte.com\/de\/","logo":{"@type":"ImageObject","inLanguage":"de","@id":"https:\/\/illeccioportofinomonte.com\/de\/#\/schema\/logo\/image\/","url":"https:\/\/illeccioportofinomonte.com\/wp-content\/uploads\/2025\/06\/cropped-il-leccio-logo-512.png","contentUrl":"https:\/\/illeccioportofinomonte.com\/wp-content\/uploads\/2025\/06\/cropped-il-leccio-logo-512.png","width":512,"height":512,"caption":"Il Leccio Luxury Resort"},"image":{"@id":"https:\/\/illeccioportofinomonte.com\/de\/#\/schema\/logo\/image\/"}}]}},"_links":{"self":[{"href":"https:\/\/illeccioportofinomonte.com\/de\/wp-json\/wp\/v2\/pages\/6583","targetHints":{"allow":["GET"]}}],"collection":[{"href":"https:\/\/illeccioportofinomonte.com\/de\/wp-json\/wp\/v2\/pages"}],"about":[{"href":"https:\/\/illeccioportofinomonte.com\/de\/wp-json\/wp\/v2\/types\/page"}],"author":[{"embeddable":true,"href":"https:\/\/illeccioportofinomonte.com\/de\/wp-json\/wp\/v2\/users\/1"}],"replies":[{"embeddable":true,"href":"https:\/\/illeccioportofinomonte.com\/de\/wp-json\/wp\/v2\/comments?post=6583"}],"version-history":[{"count":5,"href":"https:\/\/illeccioportofinomonte.com\/de\/wp-json\/wp\/v2\/pages\/6583\/revisions"}],"predecessor-version":[{"id":6589,"href":"https:\/\/illeccioportofinomonte.com\/de\/wp-json\/wp\/v2\/pages\/6583\/revisions\/6589"}],"wp:attachment":[{"href":"https:\/\/illeccioportofinomonte.com\/de\/wp-json\/wp\/v2\/media?parent=6583"}],"curies":[{"name":"wp","href":"https:\/\/api.w.org\/{rel}","templated":true}]}}